{"id":22,"date":"2024-05-04T04:03:17","date_gmt":"2024-05-04T04:03:17","guid":{"rendered":"http:\/\/www.harmonikar.si\/?page_id=22"},"modified":"2024-05-12T12:52:27","modified_gmt":"2024-05-12T12:52:27","slug":"branje-zapisov","status":"publish","type":"page","link":"http:\/\/www.harmonikar.si\/index.php\/branje-zapisov\/","title":{"rendered":"Osnove branja notnih zapisov"},"content":{"rendered":"\n<p class=\"has-text-align-center has-medium-font-size\"><strong>Notno \u010drtovje:<\/strong><\/p>\n\n\n<div class=\"wp-block-image\">\n<figure class=\"aligncenter size-large is-resized\"><img loading=\"lazy\" decoding=\"async\" width=\"1024\" height=\"475\" src=\"http:\/\/www.harmonikar.si\/wp-content\/uploads\/2024\/05\/osnove-1-1024x475.png\" alt=\"\" class=\"wp-image-176\" style=\"width:388px;height:auto\" srcset=\"http:\/\/www.harmonikar.si\/wp-content\/uploads\/2024\/05\/osnove-1-1024x475.png 1024w, http:\/\/www.harmonikar.si\/wp-content\/uploads\/2024\/05\/osnove-1-300x139.png 300w, http:\/\/www.harmonikar.si\/wp-content\/uploads\/2024\/05\/osnove-1-768x356.png 768w, http:\/\/www.harmonikar.si\/wp-content\/uploads\/2024\/05\/osnove-1.png 1082w\" sizes=\"(max-width: 1024px) 100vw, 1024px\" \/><\/figure><\/div>\n\n\n<p><strong>Violinski in basovski klju\u010d <\/strong>&#8211; Znaka, ki stojita na za\u010detku notnega \u010drtovja. Notno \u010drtovje z violinskim klju\u010dem je namenjeno za melodijo (desna stran harmonike), \u010drtovje z basovskim klju\u010dem pa za base (leva stran harmonike). Takoj za klju\u010dema je oznaka dura v katerem je pesem napisana. Vsi objavljeni notni prijemi so napisani za C-F-B harmoniko, vendar zaradi oznak nad tipkami, se lahko nau\u010dite pesmi neglede na uglasitev va\u0161e harmonike. <\/p>\n\n\n\n<p><strong>Taktovski na\u010din<\/strong> &#8211;<strong> <\/strong>Oznaka pove \u0161tevilo dob v posameznem taktu . V vseh objavljenih notnih prijemih je uporabljen 3\/4 takt za val\u010dke ter 2\/4 ali 4\/4 takt za polke.<\/p>\n\n\n\n<p><strong>Takt<\/strong> &#8211; prostor med dvema <strong>taktnicama<\/strong>.<\/p>\n\n\n\n<p class=\"has-text-align-center has-medium-font-size\"><strong>Dol\u017eina not in pavz<\/strong><\/p>\n\n\n<div class=\"wp-block-image\">\n<figure class=\"aligncenter size-full is-resized\"><img loading=\"lazy\" decoding=\"async\" width=\"1002\" height=\"847\" src=\"http:\/\/www.harmonikar.si\/wp-content\/uploads\/2024\/05\/osnove-2.png\" alt=\"\" class=\"wp-image-177\" style=\"width:343px;height:auto\" srcset=\"http:\/\/www.harmonikar.si\/wp-content\/uploads\/2024\/05\/osnove-2.png 1002w, http:\/\/www.harmonikar.si\/wp-content\/uploads\/2024\/05\/osnove-2-300x254.png 300w, http:\/\/www.harmonikar.si\/wp-content\/uploads\/2024\/05\/osnove-2-768x649.png 768w\" sizes=\"(max-width: 1002px) 100vw, 1002px\" \/><\/figure><\/div>\n\n\n<p>Pika na desni strani posamezne note njeno dobo podalj\u0161a za polovico njenega prvotnega trajanja:<\/p>\n\n\n<div class=\"wp-block-image\">\n<figure class=\"aligncenter size-full is-resized\"><img loading=\"lazy\" decoding=\"async\" width=\"590\" height=\"656\" src=\"http:\/\/www.harmonikar.si\/wp-content\/uploads\/2024\/05\/osnove-3.png\" alt=\"\" class=\"wp-image-178\" style=\"width:258px;height:auto\" srcset=\"http:\/\/www.harmonikar.si\/wp-content\/uploads\/2024\/05\/osnove-3.png 590w, http:\/\/www.harmonikar.si\/wp-content\/uploads\/2024\/05\/osnove-3-270x300.png 270w\" sizes=\"(max-width: 590px) 100vw, 590px\" \/><\/figure><\/div>\n\n\n<p>Trajanje posamezne note iz lahko iz enega takta v naslednji takt podalj\u0161amo s povezovalno \u010drto:<\/p>\n\n\n\n<figure class=\"wp-block-image size-full is-resized wp-duotone-unset-1\"><img loading=\"lazy\" decoding=\"async\" width=\"241\" height=\"152\" src=\"http:\/\/www.harmonikar.si\/wp-content\/uploads\/2024\/05\/osnove-4.png\" alt=\"\" class=\"wp-image-180\" style=\"width:179px;height:auto\"\/><\/figure>\n\n\n\n<p>Dolo\u010dene taktnice imajo pred ali za \u010drto dve piki. To je znak za ponavljanje med posameznimi deli skladbe. Obi\u010dajno je ponavljanje ozna\u010deno z okvir\u010dki nad notnim \u010drtovjem:<\/p>\n\n\n\n<figure class=\"wp-block-image size-large\"><img loading=\"lazy\" decoding=\"async\" width=\"1024\" height=\"436\" src=\"http:\/\/www.harmonikar.si\/wp-content\/uploads\/2024\/05\/osnove-5-1024x436.png\" alt=\"\" class=\"wp-image-181\" srcset=\"http:\/\/www.harmonikar.si\/wp-content\/uploads\/2024\/05\/osnove-5-1024x436.png 1024w, http:\/\/www.harmonikar.si\/wp-content\/uploads\/2024\/05\/osnove-5-300x128.png 300w, http:\/\/www.harmonikar.si\/wp-content\/uploads\/2024\/05\/osnove-5-768x327.png 768w, http:\/\/www.harmonikar.si\/wp-content\/uploads\/2024\/05\/osnove-5-1536x654.png 1536w, http:\/\/www.harmonikar.si\/wp-content\/uploads\/2024\/05\/osnove-5-2048x871.png 2048w\" sizes=\"(max-width: 1024px) 100vw, 1024px\" \/><\/figure>\n\n\n\n<p>Prehodi med posameznimi deli skladbe so ozna\u010deni \u0161e s posebnimi znaki in besedilom.<\/p>\n\n\n\n<p style=\"font-size:16px\">Beseda <strong>D.S. al Coda<\/strong> pomeni, da se vrnemo od tega takta na pozicijo, ki je ozna\u010deno z znakom <strong>SEGNO:<\/strong><\/p>\n\n\n<div class=\"wp-block-image\">\n<figure class=\"aligncenter size-full is-resized\"><img loading=\"lazy\" decoding=\"async\" width=\"395\" height=\"281\" src=\"http:\/\/www.harmonikar.si\/wp-content\/uploads\/2024\/05\/segno.png\" alt=\"\" class=\"wp-image-182\" style=\"width:82px;height:auto\" srcset=\"http:\/\/www.harmonikar.si\/wp-content\/uploads\/2024\/05\/segno.png 395w, http:\/\/www.harmonikar.si\/wp-content\/uploads\/2024\/05\/segno-300x213.png 300w\" sizes=\"(max-width: 395px) 100vw, 395px\" \/><\/figure><\/div>\n\n\n<p>Beseda <strong>To Coda<\/strong> pomeni, da od tega takta presko\u010dimo na pozicijo, ki je ozna\u010dena z znakom <strong>CODA<\/strong>:<\/p>\n\n\n<div class=\"wp-block-image\">\n<figure class=\"aligncenter size-full is-resized\"><img loading=\"lazy\" decoding=\"async\" width=\"395\" height=\"247\" src=\"http:\/\/www.harmonikar.si\/wp-content\/uploads\/2024\/05\/coda.png\" alt=\"\" class=\"wp-image-183\" style=\"width:89px;height:auto\" srcset=\"http:\/\/www.harmonikar.si\/wp-content\/uploads\/2024\/05\/coda.png 395w, http:\/\/www.harmonikar.si\/wp-content\/uploads\/2024\/05\/coda-300x188.png 300w\" sizes=\"(max-width: 395px) 100vw, 395px\" \/><\/figure><\/div>\n\n\n<p>Posebnost notnih prijemov je oznaka za meh, ki se nahaja med \u010drtovjema:<\/p>\n\n\n<div class=\"wp-block-image\">\n<figure class=\"alignleft size-full is-resized\"><img loading=\"lazy\" decoding=\"async\" width=\"578\" height=\"487\" src=\"http:\/\/www.harmonikar.si\/wp-content\/uploads\/2024\/05\/osnove-6.png\" alt=\"\" class=\"wp-image-185\" style=\"width:260px;height:auto\" srcset=\"http:\/\/www.harmonikar.si\/wp-content\/uploads\/2024\/05\/osnove-6.png 578w, http:\/\/www.harmonikar.si\/wp-content\/uploads\/2024\/05\/osnove-6-300x253.png 300w\" sizes=\"(max-width: 578px) 100vw, 578px\" \/><\/figure><\/div>\n\n\n<p>\u010crta pomeni, da meh stikamo. V kolikor \u010drte ni, meh vle\u010demo ven.<\/p>\n\n\n\n<p><\/p>\n\n\n\n<p><\/p>\n\n\n\n<p><\/p>\n\n\n\n<p><\/p>\n\n\n\n<p class=\"has-medium-font-size\"><strong>Razporeditev in oznake tipk<\/strong><\/p>\n\n\n\n<p>Dolo\u010dene manj\u0161e ali starej\u0161e harmonike imajo razporeditev tipk 11-12-11 (+ dodatni gumbi), zato je pri\u010dnemo \u0161teti tipke s \u0161tevilko 1. V kolikor ima harmonika tipke razporejene 12-13-12 pri\u010dnemo \u0161teti s \u0161tevilko 0.<\/p>\n\n\n\n<figure class=\"wp-block-image size-full\"><img loading=\"lazy\" decoding=\"async\" width=\"507\" height=\"707\" src=\"http:\/\/www.harmonikar.si\/wp-content\/uploads\/2024\/05\/TIPKE.jpg\" alt=\"\" class=\"wp-image-186\" srcset=\"http:\/\/www.harmonikar.si\/wp-content\/uploads\/2024\/05\/TIPKE.jpg 507w, http:\/\/www.harmonikar.si\/wp-content\/uploads\/2024\/05\/TIPKE-215x300.jpg 215w\" sizes=\"(max-width: 507px) 100vw, 507px\" \/><\/figure>\n","protected":false},"excerpt":{"rendered":"<p>Notno \u010drtovje: Violinski in basovski klju\u010d &#8211; Znaka, ki stojita na za\u010detku notnega \u010drtovja. Notno \u010drtovje z violinskim klju\u010dem je namenjeno za melodijo (desna stran harmonike), \u010drtovje z basovskim klju\u010dem pa za base (leva stran harmonike). Takoj za klju\u010dema je &hellip; <a href=\"http:\/\/www.harmonikar.si\/index.php\/branje-zapisov\/\">Continue reading <span class=\"meta-nav\">&rarr;<\/span><\/a><\/p>\n","protected":false},"author":1,"featured_media":0,"parent":0,"menu_order":0,"comment_status":"closed","ping_status":"closed","template":"","meta":{"footnotes":""},"_links":{"self":[{"href":"http:\/\/www.harmonikar.si\/index.php\/wp-json\/wp\/v2\/pages\/22"}],"collection":[{"href":"http:\/\/www.harmonikar.si\/index.php\/wp-json\/wp\/v2\/pages"}],"about":[{"href":"http:\/\/www.harmonikar.si\/index.php\/wp-json\/wp\/v2\/types\/page"}],"author":[{"embeddable":true,"href":"http:\/\/www.harmonikar.si\/index.php\/wp-json\/wp\/v2\/users\/1"}],"replies":[{"embeddable":true,"href":"http:\/\/www.harmonikar.si\/index.php\/wp-json\/wp\/v2\/comments?post=22"}],"version-history":[{"count":6,"href":"http:\/\/www.harmonikar.si\/index.php\/wp-json\/wp\/v2\/pages\/22\/revisions"}],"predecessor-version":[{"id":187,"href":"http:\/\/www.harmonikar.si\/index.php\/wp-json\/wp\/v2\/pages\/22\/revisions\/187"}],"wp:attachment":[{"href":"http:\/\/www.harmonikar.si\/index.php\/wp-json\/wp\/v2\/media?parent=22"}],"curies":[{"name":"wp","href":"https:\/\/api.w.org\/{rel}","templated":true}]}}